{"id":58939,"date":"2024-05-20T16:32:42","date_gmt":"2024-05-20T14:32:42","guid":{"rendered":"https:\/\/www.fisan.com\/producto\/panceta-bellota-iberica-embuchada-curada\/"},"modified":"2025-11-24T14:26:48","modified_gmt":"2025-11-24T13:26:48","slug":"panceta-bellota-iberica-enchida-curada","status":"publish","type":"product","link":"https:\/\/www.fisan.com\/pt\/loja\/panceta-bellota-iberica-enchida-curada\/","title":{"rendered":"Panceta de Bellota 100% Ib\u00e9rica Enchida Curada"},"content":{"rendered":"<p>Panceta (Toucinho) de bellota 100% Ib\u00e9rica Enchida Curada, condimentada com ingredientes naturais, piment\u00e3o de la Vera, alho e sal. Curada durante 6 meses em cave.<\/p>\n<p>Ideal para petiscar e pratos de cozinha.<\/p>\n<p>Uma verdadeira del\u00edcia. Derrete na boca\u2026 surpreenda os seus convidados.<\/p>\n","protected":false},"excerpt":{"rendered":"<p>Panceta (Toucinho) de bellota 100% Ib\u00e9rica Enchida Curada, condimentada com ingredientes naturais, piment\u00e3o de la Vera, alho e sal. Curada durante 6 meses em cave. Ideal para petiscar e pratos de cozinha. Uma verdadeira del\u00edcia. Derrete na boca\u2026 surpreenda os seus convidados.<\/p>\n","protected":false},"featured_media":49210,"template":"","meta":{"_acf_changed":false,"_wp_rev_ctl_limit":""},"product_brand":[],"product_cat":[351],"product_tag":[324,1381],"gama":[438],"calidad":[443],"class_list":{"0":"post-58939","1":"product","2":"type-product","3":"status-publish","4":"has-post-thumbnail","6":"product_cat-4-enchidos","7":"product_tag-ag","8":"product_tag-no-disponible-online-pt","9":"gama-alta-gastronomia-pt","10":"calidad-1-bellota-iberico-pt","12":"first","13":"instock","14":"taxable","15":"shipping-taxable","16":"purchasable","17":"product-type-variable","18":"has-default-attributes"},"acf":[],"yoast_head":"<!-- This site is optimized with the Yoast SEO plugin v25.4 - https:\/\/yoast.com\/wordpress\/plugins\/seo\/ -->\n<title>Panceta (Toucinho) curada de bellota 100% ib\u00e9rica enchida | FISAN<\/title>\n<meta name=\"description\" content=\"Deixe-se surpreender pelo sabor e textura da panceta (toucinho) curada de bellota 100% ib\u00e9rica enchida da FISAN, elaborada com ingredientes naturais. Desde 1921.\" \/>\n<meta name=\"robots\" content=\"index, follow, max-snippet:-1, max-image-preview:large, max-video-preview:-1\" \/>\n<link rel=\"canonical\" href=\"https:\/\/www.fisan.com\/pt\/loja\/panceta-bellota-iberica-enchida-curada\/\" \/>\n<meta property=\"og:locale\" content=\"pt_PT\" \/>\n<meta property=\"og:type\" content=\"article\" \/>\n<meta property=\"og:title\" content=\"Panceta (Toucinho) curada de bellota 100% ib\u00e9rica enchida | FISAN\" \/>\n<meta property=\"og:description\" content=\"Deixe-se surpreender pelo sabor e textura da panceta (toucinho) curada de bellota 100% ib\u00e9rica enchida da FISAN, elaborada com ingredientes naturais. Desde 1921.\" \/>\n<meta property=\"og:url\" content=\"https:\/\/www.fisan.com\/pt\/loja\/panceta-bellota-iberica-enchida-curada\/\" \/>\n<meta property=\"og:site_name\" content=\"FISAN\" \/>\n<meta property=\"article:modified_time\" content=\"2025-11-24T13:26:48+00:00\" \/>\n<meta property=\"og:image\" content=\"https:\/\/www.fisan.com\/wp-content\/uploads\/2024\/05\/panceta-embuchada-bellota-100-pe-00.jpg\" \/>\n\t<meta property=\"og:image:width\" content=\"1200\" \/>\n\t<meta property=\"og:image:height\" content=\"2400\" \/>\n\t<meta property=\"og:image:type\" content=\"image\/jpeg\" \/>\n<meta name=\"twitter:card\" content=\"summary_large_image\" \/>\n<meta name=\"twitter:label1\" content=\"Disponibilidade\" \/>\n\t<meta name=\"twitter:data1\" content=\"Em stock\" \/>\n<script type=\"application\/ld+json\" class=\"yoast-schema-graph\">{\n\t    \"@context\": \"https:\/\/schema.org\",\n\t    \"@graph\": [\n\t        {\n\t            \"@type\": \"WebPage\",\n\t            \"@id\": \"https:\/\/www.fisan.com\/pt\/loja\/panceta-bellota-iberica-enchida-curada\/\",\n\t            \"url\": \"https:\/\/www.fisan.com\/pt\/loja\/panceta-bellota-iberica-enchida-curada\/\",\n\t            \"name\": \"Panceta (Toucinho) curada de bellota 100% ib\u00e9rica enchida | FISAN\",\n\t            \"isPartOf\": {\n\t                \"@id\": \"https:\/\/www.fisan.com\/pt\/#website\"\n\t            },\n\t            \"primaryImageOfPage\": {\n\t                \"@id\": \"https:\/\/www.fisan.com\/pt\/loja\/panceta-bellota-iberica-enchida-curada\/#primaryimage\"\n\t            },\n\t            \"image\": {\n\t                \"@id\": \"https:\/\/www.fisan.com\/pt\/loja\/panceta-bellota-iberica-enchida-curada\/#primaryimage\"\n\t            },\n\t            \"thumbnailUrl\": \"https:\/\/www.fisan.com\/wp-content\/uploads\/2024\/05\/panceta-embuchada-bellota-100-pe-00.jpg\",\n\t            \"datePublished\": \"2024-05-20T14:32:42+00:00\",\n\t            \"dateModified\": \"2025-11-24T13:26:48+00:00\",\n\t            \"description\": \"Deixe-se surpreender pelo sabor e textura da panceta (toucinho) curada de bellota 100% ib\u00e9rica enchida da FISAN, elaborada com ingredientes naturais. Desde 1921.\",\n\t            \"breadcrumb\": {\n\t                \"@id\": \"https:\/\/www.fisan.com\/pt\/loja\/panceta-bellota-iberica-enchida-curada\/#breadcrumb\"\n\t            },\n\t            \"inLanguage\": \"pt-PT\",\n\t            \"potentialAction\": [\n\t                {\n\t                    \"@type\": \"ReadAction\",\n\t                    \"target\": [\n\t                        \"https:\/\/www.fisan.com\/pt\/loja\/panceta-bellota-iberica-enchida-curada\/\"\n\t                    ]\n\t                }\n\t            ]\n\t        },\n\t        {\n\t            \"@type\": \"ImageObject\",\n\t            \"inLanguage\": \"pt-PT\",\n\t            \"@id\": \"https:\/\/www.fisan.com\/pt\/loja\/panceta-bellota-iberica-enchida-curada\/#primaryimage\",\n\t            \"url\": \"https:\/\/www.fisan.com\/wp-content\/uploads\/2024\/05\/panceta-embuchada-bellota-100-pe-00.jpg\",\n\t            \"contentUrl\": \"https:\/\/www.fisan.com\/wp-content\/uploads\/2024\/05\/panceta-embuchada-bellota-100-pe-00.jpg\",\n\t            \"width\": 1200,\n\t            \"height\": 2400,\n\t            \"caption\": \"PANCETA DE BELLOTA 100% IB\u00c9RICA EMBUCHADA CURADA\"\n\t        },\n\t        {\n\t            \"@type\": \"BreadcrumbList\",\n\t            \"@id\": \"https:\/\/www.fisan.com\/pt\/loja\/panceta-bellota-iberica-enchida-curada\/#breadcrumb\",\n\t            \"itemListElement\": [\n\t                {\n\t                    \"@type\": \"ListItem\",\n\t                    \"position\": 1,\n\t                    \"name\": \"FISAN\",\n\t                    \"item\": \"https:\/\/www.fisan.com\/pt\/\"\n\t                },\n\t                {\n\t                    \"@type\": \"ListItem\",\n\t                    \"position\": 2,\n\t                    \"name\": \"Produtos\",\n\t                    \"item\": \"https:\/\/www.fisan.com\/pt\/produtos\/\"\n\t                },\n\t                {\n\t                    \"@type\": \"ListItem\",\n\t                    \"position\": 3,\n\t                    \"name\": \"Panceta de Bellota 100% Ib\u00e9rica Enchida Curada\"\n\t                }\n\t            ]\n\t        },\n\t        {\n\t            \"@type\": \"WebSite\",\n\t            \"@id\": \"https:\/\/www.fisan.com\/pt\/#website\",\n\t            \"url\": \"https:\/\/www.fisan.com\/pt\/\",\n\t            \"name\": \"FISAN\",\n\t            \"description\": \"FISAN | Jamones de bellota ib\u00e9rico y embutidos ib\u00e9ricos desde 1920\",\n\t            \"potentialAction\": [\n\t                {\n\t                    \"@type\": \"SearchAction\",\n\t                    \"target\": {\n\t                        \"@type\": \"EntryPoint\",\n\t                        \"urlTemplate\": \"https:\/\/www.fisan.com\/pt\/?s={search_term_string}\"\n\t                    },\n\t                    \"query-input\": {\n\t                        \"@type\": \"PropertyValueSpecification\",\n\t                        \"valueRequired\": true,\n\t                        \"valueName\": \"search_term_string\"\n\t                    }\n\t                }\n\t            ],\n\t            \"inLanguage\": \"pt-PT\"\n\t        }\n\t    ]\n\t}<\/script>\n<meta property=\"og:availability\" content=\"instock\" \/>\n<meta property=\"product:availability\" content=\"instock\" \/>\n<meta property=\"product:retailer_item_id\" content=\"pa-bi100ce\" \/>\n<meta property=\"product:condition\" content=\"new\" \/>\n<!-- \/ Yoast SEO plugin. -->","yoast_head_json":{"title":"Panceta (Toucinho) curada de bellota 100% ib\u00e9rica enchida | FISAN","description":"Deixe-se surpreender pelo sabor e textura da panceta (toucinho) curada de bellota 100% ib\u00e9rica enchida da FISAN, elaborada com ingredientes naturais. Desde 1921.","robots":{"index":"index","follow":"follow","max-snippet":"max-snippet:-1","max-image-preview":"max-image-preview:large","max-video-preview":"max-video-preview:-1"},"canonical":"https:\/\/www.fisan.com\/pt\/loja\/panceta-bellota-iberica-enchida-curada\/","og_locale":"pt_PT","og_type":"article","og_title":"Panceta (Toucinho) curada de bellota 100% ib\u00e9rica enchida | FISAN","og_description":"Deixe-se surpreender pelo sabor e textura da panceta (toucinho) curada de bellota 100% ib\u00e9rica enchida da FISAN, elaborada com ingredientes naturais. Desde 1921.","og_url":"https:\/\/www.fisan.com\/pt\/loja\/panceta-bellota-iberica-enchida-curada\/","og_site_name":"FISAN","article_modified_time":"2025-11-24T13:26:48+00:00","og_image":[{"width":1200,"height":2400,"url":"https:\/\/www.fisan.com\/wp-content\/uploads\/2024\/05\/panceta-embuchada-bellota-100-pe-00.jpg","type":"image\/jpeg"}],"twitter_card":"summary_large_image","twitter_misc":{"Disponibilidade":"Em stock"},"schema":{"@context":"https:\/\/schema.org","@graph":[{"@type":"WebPage","@id":"https:\/\/www.fisan.com\/pt\/loja\/panceta-bellota-iberica-enchida-curada\/","url":"https:\/\/www.fisan.com\/pt\/loja\/panceta-bellota-iberica-enchida-curada\/","name":"Panceta (Toucinho) curada de bellota 100% ib\u00e9rica enchida | FISAN","isPartOf":{"@id":"https:\/\/www.fisan.com\/pt\/#website"},"primaryImageOfPage":{"@id":"https:\/\/www.fisan.com\/pt\/loja\/panceta-bellota-iberica-enchida-curada\/#primaryimage"},"image":{"@id":"https:\/\/www.fisan.com\/pt\/loja\/panceta-bellota-iberica-enchida-curada\/#primaryimage"},"thumbnailUrl":"https:\/\/www.fisan.com\/wp-content\/uploads\/2024\/05\/panceta-embuchada-bellota-100-pe-00.jpg","datePublished":"2024-05-20T14:32:42+00:00","dateModified":"2025-11-24T13:26:48+00:00","description":"Deixe-se surpreender pelo sabor e textura da panceta (toucinho) curada de bellota 100% ib\u00e9rica enchida da FISAN, elaborada com ingredientes naturais. Desde 1921.","breadcrumb":{"@id":"https:\/\/www.fisan.com\/pt\/loja\/panceta-bellota-iberica-enchida-curada\/#breadcrumb"},"inLanguage":"pt-PT","potentialAction":[{"@type":"ReadAction","target":["https:\/\/www.fisan.com\/pt\/loja\/panceta-bellota-iberica-enchida-curada\/"]}]},{"@type":"ImageObject","inLanguage":"pt-PT","@id":"https:\/\/www.fisan.com\/pt\/loja\/panceta-bellota-iberica-enchida-curada\/#primaryimage","url":"https:\/\/www.fisan.com\/wp-content\/uploads\/2024\/05\/panceta-embuchada-bellota-100-pe-00.jpg","contentUrl":"https:\/\/www.fisan.com\/wp-content\/uploads\/2024\/05\/panceta-embuchada-bellota-100-pe-00.jpg","width":1200,"height":2400,"caption":"PANCETA DE BELLOTA 100% IB\u00c9RICA EMBUCHADA CURADA"},{"@type":"BreadcrumbList","@id":"https:\/\/www.fisan.com\/pt\/loja\/panceta-bellota-iberica-enchida-curada\/#breadcrumb","itemListElement":[{"@type":"ListItem","position":1,"name":"FISAN","item":"https:\/\/www.fisan.com\/pt\/"},{"@type":"ListItem","position":2,"name":"Produtos","item":"https:\/\/www.fisan.com\/pt\/produtos\/"},{"@type":"ListItem","position":3,"name":"Panceta de Bellota 100% Ib\u00e9rica Enchida Curada"}]},{"@type":"WebSite","@id":"https:\/\/www.fisan.com\/pt\/#website","url":"https:\/\/www.fisan.com\/pt\/","name":"FISAN","description":"FISAN | Jamones de bellota ib\u00e9rico y embutidos ib\u00e9ricos desde 1920","potentialAction":[{"@type":"SearchAction","target":{"@type":"EntryPoint","urlTemplate":"https:\/\/www.fisan.com\/pt\/?s={search_term_string}"},"query-input":{"@type":"PropertyValueSpecification","valueRequired":true,"valueName":"search_term_string"}}],"inLanguage":"pt-PT"}]},"og_availability":"instock","product_availability":"instock","product_retailer_item_id":"pa-bi100ce","product_condition":"new"},"_links":{"self":[{"href":"https:\/\/www.fisan.com\/pt\/wp-json\/wp\/v2\/product\/58939","targetHints":{"allow":["GET"]}}],"collection":[{"href":"https:\/\/www.fisan.com\/pt\/wp-json\/wp\/v2\/product"}],"about":[{"href":"https:\/\/www.fisan.com\/pt\/wp-json\/wp\/v2\/types\/product"}],"version-history":[{"count":2,"href":"https:\/\/www.fisan.com\/pt\/wp-json\/wp\/v2\/product\/58939\/revisions"}],"predecessor-version":[{"id":58946,"href":"https:\/\/www.fisan.com\/pt\/wp-json\/wp\/v2\/product\/58939\/revisions\/58946"}],"wp:featuredmedia":[{"embeddable":true,"href":"https:\/\/www.fisan.com\/pt\/wp-json\/wp\/v2\/media\/49210"}],"wp:attachment":[{"href":"https:\/\/www.fisan.com\/pt\/wp-json\/wp\/v2\/media?parent=58939"}],"wp:term":[{"taxonomy":"product_brand","embeddable":true,"href":"https:\/\/www.fisan.com\/pt\/wp-json\/wp\/v2\/product_brand?post=58939"},{"taxonomy":"product_cat","embeddable":true,"href":"https:\/\/www.fisan.com\/pt\/wp-json\/wp\/v2\/product_cat?post=58939"},{"taxonomy":"product_tag","embeddable":true,"href":"https:\/\/www.fisan.com\/pt\/wp-json\/wp\/v2\/product_tag?post=58939"},{"taxonomy":"gama","embeddable":true,"href":"https:\/\/www.fisan.com\/pt\/wp-json\/wp\/v2\/gama?post=58939"},{"taxonomy":"calidad","embeddable":true,"href":"https:\/\/www.fisan.com\/pt\/wp-json\/wp\/v2\/calidad?post=58939"}],"curies":[{"name":"wp","href":"https:\/\/api.w.org\/{rel}","templated":true}]}}