{"id":58959,"date":"2024-05-20T16:29:08","date_gmt":"2024-05-20T14:29:08","guid":{"rendered":"https:\/\/www.fisan.com\/producto\/sobrasada-bellota-iberica\/"},"modified":"2025-11-24T15:05:37","modified_gmt":"2025-11-24T14:05:37","slug":"sobrasada-bellota-iberica","status":"publish","type":"product","link":"https:\/\/www.fisan.com\/pt\/loja\/sobrasada-bellota-iberica\/","title":{"rendered":"Sobrasada de Bellota 100% Ib\u00e9rica"},"content":{"rendered":"<p>Elaborada com secreto e toucinho de lombo, temperada com a receita familiar centen\u00e1ria, 100% Natural e 100% Ib\u00e9rica. Com mais de 6 meses de cura numa cave.<br \/>\nA Sobrasada de Bellota 100% Ib\u00e9rica FISAN tem uma textura suave e untuosa que se funde no paladar, num sabor intenso e elegante, conseguindo-se uma sensa\u00e7\u00e3o extraordinariamente requintada.<\/p>\n<p>Para comer com picos, em torradas e sandu\u00edches ou para real\u00e7ar os seus molhos, \u00e9 o produto perfeito para celebrar em fam\u00edlia.<\/p>\n","protected":false},"excerpt":{"rendered":"<p>Elaborada com secreto e toucinho de lombo, temperada com a receita familiar centen\u00e1ria, 100% Natural e 100% Ib\u00e9rica. Com mais de 6 meses de cura numa cave. A Sobrasada de Bellota 100% Ib\u00e9rica FISAN tem uma textura suave e untuosa que se funde no paladar, num sabor intenso e elegante, conseguindo-se uma sensa\u00e7\u00e3o extraordinariamente requintada. &#8230; <a title=\"Sobrasada de Bellota 100% Ib\u00e9rica\" class=\"read-more\" href=\"https:\/\/www.fisan.com\/pt\/loja\/sobrasada-bellota-iberica\/\" aria-label=\"Leia mais sobre Sobrasada de Bellota 100% Ib\u00e9rica\">Ler mais<\/a><\/p>\n","protected":false},"featured_media":49198,"template":"","meta":{"_acf_changed":false,"_wp_rev_ctl_limit":""},"product_brand":[],"product_cat":[351],"product_tag":[324],"gama":[438],"calidad":[443],"class_list":{"0":"post-58959","1":"product","2":"type-product","3":"status-publish","4":"has-post-thumbnail","6":"product_cat-4-enchidos","7":"product_tag-ag","8":"gama-alta-gastronomia-pt","9":"calidad-1-bellota-iberico-pt","11":"first","12":"outofstock","13":"taxable","14":"shipping-taxable","15":"purchasable","16":"product-type-variable","17":"has-default-attributes"},"acf":[],"yoast_head":"<!-- This site is optimized with the Yoast SEO plugin v25.4 - https:\/\/yoast.com\/wordpress\/plugins\/seo\/ -->\n<title>Sobrasada de bellota 100% ib\u00e9rica | FISAN<\/title>\n<meta name=\"description\" content=\"Visite a loja da FISAN e desfrute ao m\u00e1ximo da sobrasada de bellota 100% ib\u00e9rica. Escolha este suculento produto elaborado com secreto e toucinho de lombo.\" \/>\n<meta name=\"robots\" content=\"index, follow, max-snippet:-1, max-image-preview:large, max-video-preview:-1\" \/>\n<link rel=\"canonical\" href=\"https:\/\/www.fisan.com\/pt\/loja\/sobrasada-bellota-iberica\/\" \/>\n<meta property=\"og:locale\" content=\"pt_PT\" \/>\n<meta property=\"og:type\" content=\"article\" \/>\n<meta property=\"og:title\" content=\"Sobrasada de bellota 100% ib\u00e9rica | FISAN\" \/>\n<meta property=\"og:description\" content=\"Visite a loja da FISAN e desfrute ao m\u00e1ximo da sobrasada de bellota 100% ib\u00e9rica. Escolha este suculento produto elaborado com secreto e toucinho de lombo.\" \/>\n<meta property=\"og:url\" content=\"https:\/\/www.fisan.com\/pt\/loja\/sobrasada-bellota-iberica\/\" \/>\n<meta property=\"og:site_name\" content=\"FISAN\" \/>\n<meta property=\"article:modified_time\" content=\"2025-11-24T14:05:37+00:00\" \/>\n<meta property=\"og:image\" content=\"https:\/\/www.fisan.com\/wp-content\/uploads\/2024\/05\/sobrasada-bellota-iberica-100-pe-00.jpg\" \/>\n\t<meta property=\"og:image:width\" content=\"1200\" \/>\n\t<meta property=\"og:image:height\" content=\"2400\" \/>\n\t<meta property=\"og:image:type\" content=\"image\/jpeg\" \/>\n<meta name=\"twitter:card\" content=\"summary_large_image\" \/>\n<meta name=\"twitter:label1\" content=\"Disponibilidade\" \/>\n\t<meta name=\"twitter:data1\" content=\"Esgotado\" \/>\n<script type=\"application\/ld+json\" class=\"yoast-schema-graph\">{\n\t    \"@context\": \"https:\/\/schema.org\",\n\t    \"@graph\": [\n\t        {\n\t            \"@type\": \"WebPage\",\n\t            \"@id\": \"https:\/\/www.fisan.com\/pt\/loja\/sobrasada-bellota-iberica\/\",\n\t            \"url\": \"https:\/\/www.fisan.com\/pt\/loja\/sobrasada-bellota-iberica\/\",\n\t            \"name\": \"Sobrasada de bellota 100% ib\u00e9rica | FISAN\",\n\t            \"isPartOf\": {\n\t                \"@id\": \"https:\/\/www.fisan.com\/pt\/#website\"\n\t            },\n\t            \"primaryImageOfPage\": {\n\t                \"@id\": \"https:\/\/www.fisan.com\/pt\/loja\/sobrasada-bellota-iberica\/#primaryimage\"\n\t            },\n\t            \"image\": {\n\t                \"@id\": \"https:\/\/www.fisan.com\/pt\/loja\/sobrasada-bellota-iberica\/#primaryimage\"\n\t            },\n\t            \"thumbnailUrl\": \"https:\/\/www.fisan.com\/wp-content\/uploads\/2024\/05\/sobrasada-bellota-iberica-100-pe-00.jpg\",\n\t            \"datePublished\": \"2024-05-20T14:29:08+00:00\",\n\t            \"dateModified\": \"2025-11-24T14:05:37+00:00\",\n\t            \"description\": \"Visite a loja da FISAN e desfrute ao m\u00e1ximo da sobrasada de bellota 100% ib\u00e9rica. Escolha este suculento produto elaborado com secreto e toucinho de lombo.\",\n\t            \"breadcrumb\": {\n\t                \"@id\": \"https:\/\/www.fisan.com\/pt\/loja\/sobrasada-bellota-iberica\/#breadcrumb\"\n\t            },\n\t            \"inLanguage\": \"pt-PT\",\n\t            \"potentialAction\": [\n\t                {\n\t                    \"@type\": \"ReadAction\",\n\t                    \"target\": [\n\t                        \"https:\/\/www.fisan.com\/pt\/loja\/sobrasada-bellota-iberica\/\"\n\t                    ]\n\t                }\n\t            ]\n\t        },\n\t        {\n\t            \"@type\": \"ImageObject\",\n\t            \"inLanguage\": \"pt-PT\",\n\t            \"@id\": \"https:\/\/www.fisan.com\/pt\/loja\/sobrasada-bellota-iberica\/#primaryimage\",\n\t            \"url\": \"https:\/\/www.fisan.com\/wp-content\/uploads\/2024\/05\/sobrasada-bellota-iberica-100-pe-00.jpg\",\n\t            \"contentUrl\": \"https:\/\/www.fisan.com\/wp-content\/uploads\/2024\/05\/sobrasada-bellota-iberica-100-pe-00.jpg\",\n\t            \"width\": 1200,\n\t            \"height\": 2400,\n\t            \"caption\": \"SOBRASADA DE BELLOTA 100% IB\u00c9RICA\"\n\t        },\n\t        {\n\t            \"@type\": \"BreadcrumbList\",\n\t            \"@id\": \"https:\/\/www.fisan.com\/pt\/loja\/sobrasada-bellota-iberica\/#breadcrumb\",\n\t            \"itemListElement\": [\n\t                {\n\t                    \"@type\": \"ListItem\",\n\t                    \"position\": 1,\n\t                    \"name\": \"FISAN\",\n\t                    \"item\": \"https:\/\/www.fisan.com\/pt\/\"\n\t                },\n\t                {\n\t                    \"@type\": \"ListItem\",\n\t                    \"position\": 2,\n\t                    \"name\": \"Produtos\",\n\t                    \"item\": \"https:\/\/www.fisan.com\/pt\/produtos\/\"\n\t                },\n\t                {\n\t                    \"@type\": \"ListItem\",\n\t                    \"position\": 3,\n\t                    \"name\": \"Sobrasada de Bellota 100% Ib\u00e9rica\"\n\t                }\n\t            ]\n\t        },\n\t        {\n\t            \"@type\": \"WebSite\",\n\t            \"@id\": \"https:\/\/www.fisan.com\/pt\/#website\",\n\t            \"url\": \"https:\/\/www.fisan.com\/pt\/\",\n\t            \"name\": \"FISAN\",\n\t            \"description\": \"FISAN | Jamones de bellota ib\u00e9rico y embutidos ib\u00e9ricos desde 1920\",\n\t            \"potentialAction\": [\n\t                {\n\t                    \"@type\": \"SearchAction\",\n\t                    \"target\": {\n\t                        \"@type\": \"EntryPoint\",\n\t                        \"urlTemplate\": \"https:\/\/www.fisan.com\/pt\/?s={search_term_string}\"\n\t                    },\n\t                    \"query-input\": {\n\t                        \"@type\": \"PropertyValueSpecification\",\n\t                        \"valueRequired\": true,\n\t                        \"valueName\": \"search_term_string\"\n\t                    }\n\t                }\n\t            ],\n\t            \"inLanguage\": \"pt-PT\"\n\t        }\n\t    ]\n\t}<\/script>\n<meta property=\"og:availability\" content=\"out of stock\" \/>\n<meta property=\"product:availability\" content=\"out of stock\" \/>\n<meta property=\"product:retailer_item_id\" content=\"so-bi100\" \/>\n<meta property=\"product:condition\" content=\"new\" \/>\n<!-- \/ Yoast SEO plugin. -->","yoast_head_json":{"title":"Sobrasada de bellota 100% ib\u00e9rica | FISAN","description":"Visite a loja da FISAN e desfrute ao m\u00e1ximo da sobrasada de bellota 100% ib\u00e9rica. Escolha este suculento produto elaborado com secreto e toucinho de lombo.","robots":{"index":"index","follow":"follow","max-snippet":"max-snippet:-1","max-image-preview":"max-image-preview:large","max-video-preview":"max-video-preview:-1"},"canonical":"https:\/\/www.fisan.com\/pt\/loja\/sobrasada-bellota-iberica\/","og_locale":"pt_PT","og_type":"article","og_title":"Sobrasada de bellota 100% ib\u00e9rica | FISAN","og_description":"Visite a loja da FISAN e desfrute ao m\u00e1ximo da sobrasada de bellota 100% ib\u00e9rica. Escolha este suculento produto elaborado com secreto e toucinho de lombo.","og_url":"https:\/\/www.fisan.com\/pt\/loja\/sobrasada-bellota-iberica\/","og_site_name":"FISAN","article_modified_time":"2025-11-24T14:05:37+00:00","og_image":[{"width":1200,"height":2400,"url":"https:\/\/www.fisan.com\/wp-content\/uploads\/2024\/05\/sobrasada-bellota-iberica-100-pe-00.jpg","type":"image\/jpeg"}],"twitter_card":"summary_large_image","twitter_misc":{"Disponibilidade":"Esgotado"},"schema":{"@context":"https:\/\/schema.org","@graph":[{"@type":"WebPage","@id":"https:\/\/www.fisan.com\/pt\/loja\/sobrasada-bellota-iberica\/","url":"https:\/\/www.fisan.com\/pt\/loja\/sobrasada-bellota-iberica\/","name":"Sobrasada de bellota 100% ib\u00e9rica | FISAN","isPartOf":{"@id":"https:\/\/www.fisan.com\/pt\/#website"},"primaryImageOfPage":{"@id":"https:\/\/www.fisan.com\/pt\/loja\/sobrasada-bellota-iberica\/#primaryimage"},"image":{"@id":"https:\/\/www.fisan.com\/pt\/loja\/sobrasada-bellota-iberica\/#primaryimage"},"thumbnailUrl":"https:\/\/www.fisan.com\/wp-content\/uploads\/2024\/05\/sobrasada-bellota-iberica-100-pe-00.jpg","datePublished":"2024-05-20T14:29:08+00:00","dateModified":"2025-11-24T14:05:37+00:00","description":"Visite a loja da FISAN e desfrute ao m\u00e1ximo da sobrasada de bellota 100% ib\u00e9rica. Escolha este suculento produto elaborado com secreto e toucinho de lombo.","breadcrumb":{"@id":"https:\/\/www.fisan.com\/pt\/loja\/sobrasada-bellota-iberica\/#breadcrumb"},"inLanguage":"pt-PT","potentialAction":[{"@type":"ReadAction","target":["https:\/\/www.fisan.com\/pt\/loja\/sobrasada-bellota-iberica\/"]}]},{"@type":"ImageObject","inLanguage":"pt-PT","@id":"https:\/\/www.fisan.com\/pt\/loja\/sobrasada-bellota-iberica\/#primaryimage","url":"https:\/\/www.fisan.com\/wp-content\/uploads\/2024\/05\/sobrasada-bellota-iberica-100-pe-00.jpg","contentUrl":"https:\/\/www.fisan.com\/wp-content\/uploads\/2024\/05\/sobrasada-bellota-iberica-100-pe-00.jpg","width":1200,"height":2400,"caption":"SOBRASADA DE BELLOTA 100% IB\u00c9RICA"},{"@type":"BreadcrumbList","@id":"https:\/\/www.fisan.com\/pt\/loja\/sobrasada-bellota-iberica\/#breadcrumb","itemListElement":[{"@type":"ListItem","position":1,"name":"FISAN","item":"https:\/\/www.fisan.com\/pt\/"},{"@type":"ListItem","position":2,"name":"Produtos","item":"https:\/\/www.fisan.com\/pt\/produtos\/"},{"@type":"ListItem","position":3,"name":"Sobrasada de Bellota 100% Ib\u00e9rica"}]},{"@type":"WebSite","@id":"https:\/\/www.fisan.com\/pt\/#website","url":"https:\/\/www.fisan.com\/pt\/","name":"FISAN","description":"FISAN | Jamones de bellota ib\u00e9rico y embutidos ib\u00e9ricos desde 1920","potentialAction":[{"@type":"SearchAction","target":{"@type":"EntryPoint","urlTemplate":"https:\/\/www.fisan.com\/pt\/?s={search_term_string}"},"query-input":{"@type":"PropertyValueSpecification","valueRequired":true,"valueName":"search_term_string"}}],"inLanguage":"pt-PT"}]},"og_availability":"out of stock","product_availability":"out of stock","product_retailer_item_id":"so-bi100","product_condition":"new"},"_links":{"self":[{"href":"https:\/\/www.fisan.com\/pt\/wp-json\/wp\/v2\/product\/58959","targetHints":{"allow":["GET"]}}],"collection":[{"href":"https:\/\/www.fisan.com\/pt\/wp-json\/wp\/v2\/product"}],"about":[{"href":"https:\/\/www.fisan.com\/pt\/wp-json\/wp\/v2\/types\/product"}],"version-history":[{"count":1,"href":"https:\/\/www.fisan.com\/pt\/wp-json\/wp\/v2\/product\/58959\/revisions"}],"predecessor-version":[{"id":58961,"href":"https:\/\/www.fisan.com\/pt\/wp-json\/wp\/v2\/product\/58959\/revisions\/58961"}],"wp:featuredmedia":[{"embeddable":true,"href":"https:\/\/www.fisan.com\/pt\/wp-json\/wp\/v2\/media\/49198"}],"wp:attachment":[{"href":"https:\/\/www.fisan.com\/pt\/wp-json\/wp\/v2\/media?parent=58959"}],"wp:term":[{"taxonomy":"product_brand","embeddable":true,"href":"https:\/\/www.fisan.com\/pt\/wp-json\/wp\/v2\/product_brand?post=58959"},{"taxonomy":"product_cat","embeddable":true,"href":"https:\/\/www.fisan.com\/pt\/wp-json\/wp\/v2\/product_cat?post=58959"},{"taxonomy":"product_tag","embeddable":true,"href":"https:\/\/www.fisan.com\/pt\/wp-json\/wp\/v2\/product_tag?post=58959"},{"taxonomy":"gama","embeddable":true,"href":"https:\/\/www.fisan.com\/pt\/wp-json\/wp\/v2\/gama?post=58959"},{"taxonomy":"calidad","embeddable":true,"href":"https:\/\/www.fisan.com\/pt\/wp-json\/wp\/v2\/calidad?post=58959"}],"curies":[{"name":"wp","href":"https:\/\/api.w.org\/{rel}","templated":true}]}}