{"id":58968,"date":"2024-05-20T14:37:20","date_gmt":"2024-05-20T12:37:20","guid":{"rendered":"https:\/\/www.fisan.com\/producto\/papada-de-bellota-iberica-curada\/"},"modified":"2025-11-24T16:08:34","modified_gmt":"2025-11-24T15:08:34","slug":"papada-de-bellota-iberica-curada","status":"publish","type":"product","link":"https:\/\/www.fisan.com\/pt\/loja\/papada-de-bellota-iberica-curada\/","title":{"rendered":"Papada de Bellota 100% Ib\u00e9rica Curada"},"content":{"rendered":"<p>Elaborada com papada de porco ib\u00e9rico de bellota 100%, com o seu ponto de sal e curada de forma natural, nos secadouros e caves, juntamente com os presuntos, recebendo todos os seus aromas. Este processo de elabora\u00e7\u00e3o tradicional confere-lhe uma enorme sucul\u00eancia com um toque perfeito de umami. Gra\u00e7as a este processo, a papada lembra, na boca, o melhor presunto de bellota.<\/p>\n<p>Pode sabore\u00e1-la como qualquer outro enchido, cortando umas fatias finas e apresentando-as no prato, al\u00e9m de ser um complemento perfeito para uma infinidade de pratos, com os que real\u00e7ar\u00e1 todos os sabores. Uma das pe\u00e7as indispens\u00e1veis na alta cozinha!<\/p>\n","protected":false},"excerpt":{"rendered":"<p>Elaborada com papada de porco ib\u00e9rico de bellota 100%, com o seu ponto de sal e curada de forma natural, nos secadouros e caves, juntamente com os presuntos, recebendo todos os seus aromas. Este processo de elabora\u00e7\u00e3o tradicional confere-lhe uma enorme sucul\u00eancia com um toque perfeito de umami. Gra\u00e7as a este processo, a papada lembra, &#8230; <a title=\"Papada de Bellota 100% Ib\u00e9rica Curada\" class=\"read-more\" href=\"https:\/\/www.fisan.com\/pt\/loja\/papada-de-bellota-iberica-curada\/\" aria-label=\"Leia mais sobre Papada de Bellota 100% Ib\u00e9rica Curada\">Ler mais<\/a><\/p>\n","protected":false},"featured_media":49192,"template":"","meta":{"_acf_changed":false,"_wp_rev_ctl_limit":""},"product_brand":[],"product_cat":[351],"product_tag":[324],"gama":[438],"calidad":[443],"class_list":{"0":"post-58968","1":"product","2":"type-product","3":"status-publish","4":"has-post-thumbnail","6":"product_cat-4-enchidos","7":"product_tag-ag","8":"product_shipping_class-carnes-pt","9":"gama-alta-gastronomia-pt","10":"calidad-1-bellota-iberico-pt","12":"first","13":"no_disponible_online","14":"taxable","15":"shipping-taxable","16":"product-type-simple"},"acf":[],"yoast_head":"<!-- This site is optimized with the Yoast SEO plugin v25.4 - https:\/\/yoast.com\/wordpress\/plugins\/seo\/ -->\n<title>Papada de bellota 100% ib\u00e9rica curada | FISAN<\/title>\n<meta name=\"description\" content=\"Elaborada com papada de porco de bellota 100% ib\u00e9rico, com o seu ponto certo de sal e curado de forma natural em caves. Desfrute de todo o sabor FISAN.\" \/>\n<meta name=\"robots\" content=\"index, follow, max-snippet:-1, max-image-preview:large, max-video-preview:-1\" \/>\n<link rel=\"canonical\" href=\"https:\/\/www.fisan.com\/pt\/loja\/papada-de-bellota-iberica-curada\/\" \/>\n<meta property=\"og:locale\" content=\"pt_PT\" \/>\n<meta property=\"og:type\" content=\"article\" \/>\n<meta property=\"og:title\" content=\"Papada de bellota 100% ib\u00e9rica curada | FISAN\" \/>\n<meta property=\"og:description\" content=\"Elaborada com papada de porco de bellota 100% ib\u00e9rico, com o seu ponto certo de sal e curado de forma natural em caves. Desfrute de todo o sabor FISAN.\" \/>\n<meta property=\"og:url\" content=\"https:\/\/www.fisan.com\/pt\/loja\/papada-de-bellota-iberica-curada\/\" \/>\n<meta property=\"og:site_name\" content=\"FISAN\" \/>\n<meta property=\"article:modified_time\" content=\"2025-11-24T15:08:34+00:00\" \/>\n<meta property=\"og:image\" content=\"https:\/\/www.fisan.com\/wp-content\/uploads\/2024\/05\/papada-curada-bellota-iberica-100-pe-00.jpg\" \/>\n\t<meta property=\"og:image:width\" content=\"1200\" \/>\n\t<meta property=\"og:image:height\" content=\"2400\" \/>\n\t<meta property=\"og:image:type\" content=\"image\/jpeg\" \/>\n<meta name=\"twitter:card\" content=\"summary_large_image\" \/>\n<meta name=\"twitter:label1\" content=\"pre\u00e7o\" \/>\n\t<meta name=\"twitter:data1\" content=\"\" \/>\n\t<meta name=\"twitter:label2\" content=\"Disponibilidade\" \/>\n\t<meta name=\"twitter:data2\" content=\"Em stock\" \/>\n<script type=\"application\/ld+json\" class=\"yoast-schema-graph\">{\n\t    \"@context\": \"https:\/\/schema.org\",\n\t    \"@graph\": [\n\t        {\n\t            \"@type\": \"WebPage\",\n\t            \"@id\": \"https:\/\/www.fisan.com\/pt\/loja\/papada-de-bellota-iberica-curada\/\",\n\t            \"url\": \"https:\/\/www.fisan.com\/pt\/loja\/papada-de-bellota-iberica-curada\/\",\n\t            \"name\": \"Papada de bellota 100% ib\u00e9rica curada | FISAN\",\n\t            \"isPartOf\": {\n\t                \"@id\": \"https:\/\/www.fisan.com\/pt\/#website\"\n\t            },\n\t            \"primaryImageOfPage\": {\n\t                \"@id\": \"https:\/\/www.fisan.com\/pt\/loja\/papada-de-bellota-iberica-curada\/#primaryimage\"\n\t            },\n\t            \"image\": {\n\t                \"@id\": \"https:\/\/www.fisan.com\/pt\/loja\/papada-de-bellota-iberica-curada\/#primaryimage\"\n\t            },\n\t            \"thumbnailUrl\": \"https:\/\/www.fisan.com\/wp-content\/uploads\/2024\/05\/papada-curada-bellota-iberica-100-pe-00.jpg\",\n\t            \"datePublished\": \"2024-05-20T12:37:20+00:00\",\n\t            \"dateModified\": \"2025-11-24T15:08:34+00:00\",\n\t            \"description\": \"Elaborada com papada de porco de bellota 100% ib\u00e9rico, com o seu ponto certo de sal e curado de forma natural em caves. Desfrute de todo o sabor FISAN.\",\n\t            \"breadcrumb\": {\n\t                \"@id\": \"https:\/\/www.fisan.com\/pt\/loja\/papada-de-bellota-iberica-curada\/#breadcrumb\"\n\t            },\n\t            \"inLanguage\": \"pt-PT\",\n\t            \"potentialAction\": [\n\t                {\n\t                    \"@type\": \"ReadAction\",\n\t                    \"target\": [\n\t                        \"https:\/\/www.fisan.com\/pt\/loja\/papada-de-bellota-iberica-curada\/\"\n\t                    ]\n\t                }\n\t            ]\n\t        },\n\t        {\n\t            \"@type\": \"ImageObject\",\n\t            \"inLanguage\": \"pt-PT\",\n\t            \"@id\": \"https:\/\/www.fisan.com\/pt\/loja\/papada-de-bellota-iberica-curada\/#primaryimage\",\n\t            \"url\": \"https:\/\/www.fisan.com\/wp-content\/uploads\/2024\/05\/papada-curada-bellota-iberica-100-pe-00.jpg\",\n\t            \"contentUrl\": \"https:\/\/www.fisan.com\/wp-content\/uploads\/2024\/05\/papada-curada-bellota-iberica-100-pe-00.jpg\",\n\t            \"width\": 1200,\n\t            \"height\": 2400,\n\t            \"caption\": \"PAPADA BELLOTA IBERICA CURADA\"\n\t        },\n\t        {\n\t            \"@type\": \"BreadcrumbList\",\n\t            \"@id\": \"https:\/\/www.fisan.com\/pt\/loja\/papada-de-bellota-iberica-curada\/#breadcrumb\",\n\t            \"itemListElement\": [\n\t                {\n\t                    \"@type\": \"ListItem\",\n\t                    \"position\": 1,\n\t                    \"name\": \"FISAN\",\n\t                    \"item\": \"https:\/\/www.fisan.com\/pt\/\"\n\t                },\n\t                {\n\t                    \"@type\": \"ListItem\",\n\t                    \"position\": 2,\n\t                    \"name\": \"Produtos\",\n\t                    \"item\": \"https:\/\/www.fisan.com\/pt\/produtos\/\"\n\t                },\n\t                {\n\t                    \"@type\": \"ListItem\",\n\t                    \"position\": 3,\n\t                    \"name\": \"Papada de Bellota 100% Ib\u00e9rica Curada\"\n\t                }\n\t            ]\n\t        },\n\t        {\n\t            \"@type\": \"WebSite\",\n\t            \"@id\": \"https:\/\/www.fisan.com\/pt\/#website\",\n\t            \"url\": \"https:\/\/www.fisan.com\/pt\/\",\n\t            \"name\": \"FISAN\",\n\t            \"description\": \"FISAN | Jamones de bellota ib\u00e9rico y embutidos ib\u00e9ricos desde 1920\",\n\t            \"potentialAction\": [\n\t                {\n\t                    \"@type\": \"SearchAction\",\n\t                    \"target\": {\n\t                        \"@type\": \"EntryPoint\",\n\t                        \"urlTemplate\": \"https:\/\/www.fisan.com\/pt\/?s={search_term_string}\"\n\t                    },\n\t                    \"query-input\": {\n\t                        \"@type\": \"PropertyValueSpecification\",\n\t                        \"valueRequired\": true,\n\t                        \"valueName\": \"search_term_string\"\n\t                    }\n\t                }\n\t            ],\n\t            \"inLanguage\": \"pt-PT\"\n\t        }\n\t    ]\n\t}<\/script>\n<meta property=\"product:price:currency\" content=\"EUR\" \/>\n<meta property=\"og:availability\" content=\"instock\" \/>\n<meta property=\"product:availability\" content=\"instock\" \/>\n<meta property=\"product:retailer_item_id\" content=\"ca-pabic\" \/>\n<meta property=\"product:condition\" content=\"new\" \/>\n<!-- \/ Yoast SEO plugin. -->","yoast_head_json":{"title":"Papada de bellota 100% ib\u00e9rica curada | FISAN","description":"Elaborada com papada de porco de bellota 100% ib\u00e9rico, com o seu ponto certo de sal e curado de forma natural em caves. Desfrute de todo o sabor FISAN.","robots":{"index":"index","follow":"follow","max-snippet":"max-snippet:-1","max-image-preview":"max-image-preview:large","max-video-preview":"max-video-preview:-1"},"canonical":"https:\/\/www.fisan.com\/pt\/loja\/papada-de-bellota-iberica-curada\/","og_locale":"pt_PT","og_type":"article","og_title":"Papada de bellota 100% ib\u00e9rica curada | FISAN","og_description":"Elaborada com papada de porco de bellota 100% ib\u00e9rico, com o seu ponto certo de sal e curado de forma natural em caves. Desfrute de todo o sabor FISAN.","og_url":"https:\/\/www.fisan.com\/pt\/loja\/papada-de-bellota-iberica-curada\/","og_site_name":"FISAN","article_modified_time":"2025-11-24T15:08:34+00:00","og_image":[{"width":1200,"height":2400,"url":"https:\/\/www.fisan.com\/wp-content\/uploads\/2024\/05\/papada-curada-bellota-iberica-100-pe-00.jpg","type":"image\/jpeg"}],"twitter_card":"summary_large_image","twitter_misc":{"pre\u00e7o":"","Disponibilidade":"Em stock"},"schema":{"@context":"https:\/\/schema.org","@graph":[{"@type":"WebPage","@id":"https:\/\/www.fisan.com\/pt\/loja\/papada-de-bellota-iberica-curada\/","url":"https:\/\/www.fisan.com\/pt\/loja\/papada-de-bellota-iberica-curada\/","name":"Papada de bellota 100% ib\u00e9rica curada | FISAN","isPartOf":{"@id":"https:\/\/www.fisan.com\/pt\/#website"},"primaryImageOfPage":{"@id":"https:\/\/www.fisan.com\/pt\/loja\/papada-de-bellota-iberica-curada\/#primaryimage"},"image":{"@id":"https:\/\/www.fisan.com\/pt\/loja\/papada-de-bellota-iberica-curada\/#primaryimage"},"thumbnailUrl":"https:\/\/www.fisan.com\/wp-content\/uploads\/2024\/05\/papada-curada-bellota-iberica-100-pe-00.jpg","datePublished":"2024-05-20T12:37:20+00:00","dateModified":"2025-11-24T15:08:34+00:00","description":"Elaborada com papada de porco de bellota 100% ib\u00e9rico, com o seu ponto certo de sal e curado de forma natural em caves. Desfrute de todo o sabor FISAN.","breadcrumb":{"@id":"https:\/\/www.fisan.com\/pt\/loja\/papada-de-bellota-iberica-curada\/#breadcrumb"},"inLanguage":"pt-PT","potentialAction":[{"@type":"ReadAction","target":["https:\/\/www.fisan.com\/pt\/loja\/papada-de-bellota-iberica-curada\/"]}]},{"@type":"ImageObject","inLanguage":"pt-PT","@id":"https:\/\/www.fisan.com\/pt\/loja\/papada-de-bellota-iberica-curada\/#primaryimage","url":"https:\/\/www.fisan.com\/wp-content\/uploads\/2024\/05\/papada-curada-bellota-iberica-100-pe-00.jpg","contentUrl":"https:\/\/www.fisan.com\/wp-content\/uploads\/2024\/05\/papada-curada-bellota-iberica-100-pe-00.jpg","width":1200,"height":2400,"caption":"PAPADA BELLOTA IBERICA CURADA"},{"@type":"BreadcrumbList","@id":"https:\/\/www.fisan.com\/pt\/loja\/papada-de-bellota-iberica-curada\/#breadcrumb","itemListElement":[{"@type":"ListItem","position":1,"name":"FISAN","item":"https:\/\/www.fisan.com\/pt\/"},{"@type":"ListItem","position":2,"name":"Produtos","item":"https:\/\/www.fisan.com\/pt\/produtos\/"},{"@type":"ListItem","position":3,"name":"Papada de Bellota 100% Ib\u00e9rica Curada"}]},{"@type":"WebSite","@id":"https:\/\/www.fisan.com\/pt\/#website","url":"https:\/\/www.fisan.com\/pt\/","name":"FISAN","description":"FISAN | Jamones de bellota ib\u00e9rico y embutidos ib\u00e9ricos desde 1920","potentialAction":[{"@type":"SearchAction","target":{"@type":"EntryPoint","urlTemplate":"https:\/\/www.fisan.com\/pt\/?s={search_term_string}"},"query-input":{"@type":"PropertyValueSpecification","valueRequired":true,"valueName":"search_term_string"}}],"inLanguage":"pt-PT"}]},"product_price_currency":"EUR","og_availability":"instock","product_availability":"instock","product_retailer_item_id":"ca-pabic","product_condition":"new"},"_links":{"self":[{"href":"https:\/\/www.fisan.com\/pt\/wp-json\/wp\/v2\/product\/58968","targetHints":{"allow":["GET"]}}],"collection":[{"href":"https:\/\/www.fisan.com\/pt\/wp-json\/wp\/v2\/product"}],"about":[{"href":"https:\/\/www.fisan.com\/pt\/wp-json\/wp\/v2\/types\/product"}],"version-history":[{"count":1,"href":"https:\/\/www.fisan.com\/pt\/wp-json\/wp\/v2\/product\/58968\/revisions"}],"predecessor-version":[{"id":58969,"href":"https:\/\/www.fisan.com\/pt\/wp-json\/wp\/v2\/product\/58968\/revisions\/58969"}],"wp:featuredmedia":[{"embeddable":true,"href":"https:\/\/www.fisan.com\/pt\/wp-json\/wp\/v2\/media\/49192"}],"wp:attachment":[{"href":"https:\/\/www.fisan.com\/pt\/wp-json\/wp\/v2\/media?parent=58968"}],"wp:term":[{"taxonomy":"product_brand","embeddable":true,"href":"https:\/\/www.fisan.com\/pt\/wp-json\/wp\/v2\/product_brand?post=58968"},{"taxonomy":"product_cat","embeddable":true,"href":"https:\/\/www.fisan.com\/pt\/wp-json\/wp\/v2\/product_cat?post=58968"},{"taxonomy":"product_tag","embeddable":true,"href":"https:\/\/www.fisan.com\/pt\/wp-json\/wp\/v2\/product_tag?post=58968"},{"taxonomy":"gama","embeddable":true,"href":"https:\/\/www.fisan.com\/pt\/wp-json\/wp\/v2\/gama?post=58968"},{"taxonomy":"calidad","embeddable":true,"href":"https:\/\/www.fisan.com\/pt\/wp-json\/wp\/v2\/calidad?post=58968"}],"curies":[{"name":"wp","href":"https:\/\/api.w.org\/{rel}","templated":true}]}}