{"id":60560,"date":"2026-01-22T11:00:56","date_gmt":"2026-01-22T10:00:56","guid":{"rendered":"https:\/\/www.fisan.com\/?post_type=product&#038;p=60560"},"modified":"2026-01-23T14:49:09","modified_gmt":"2026-01-23T13:49:09","slug":"guanciale-bellota-100-iberico","status":"publish","type":"product","link":"https:\/\/www.fisan.com\/pt\/loja\/guanciale-bellota-100-iberico\/","title":{"rendered":"O Guanciale de Bellota 100% Ib\u00e9rico Alta Gastronomia FISAN"},"content":{"rendered":"<p>O Guanciale de Bellota 100% Ib\u00e9rico Alta Gastronomia FISAN \u00e9 a vers\u00e3o gourmet espanhola do tradicional guanciale italiano, elaborado a partir da papada do porco ib\u00e9rico alimentado com bolotas.<\/p>\n<p>Como expoente m\u00e1ximo da untuosidade do produto ib\u00e9rico, nasce nesta pe\u00e7a de culto.<\/p>\n<p>Elaborado a partir de papadas selecionadas, este Guanciale destaca-se por uma gordura infiltrada de aspeto n\u00e1car que funde delicadamente, libertando um aroma subtilmente cativante e limpo. Na boca, a sua textura sedosa revela a cl\u00e1ssica do\u00e7ura FISAN e um equil\u00edbrio salino magistral, culminando num sabor profundo e complexo com matizes de montanera. \u00c9 uma joia t\u00e9cnica de cura lenta, desenhada para conferir eleg\u00e2ncia e uma persist\u00eancia arom\u00e1tica excecional \u00e0s cria\u00e7\u00f5es mais sublimes da alta cozinha.<\/p>\n","protected":false},"excerpt":{"rendered":"<p>O Guanciale de Bellota 100% Ib\u00e9rico Alta Gastronomia FISAN \u00e9 a vers\u00e3o gourmet espanhola do tradicional guanciale italiano, elaborado a partir da papada do porco ib\u00e9rico alimentado com bolotas. Como expoente m\u00e1ximo da untuosidade do produto ib\u00e9rico, nasce nesta pe\u00e7a de culto. Elaborado a partir de papadas selecionadas, este Guanciale destaca-se por uma gordura infiltrada &#8230; <a title=\"O Guanciale de Bellota 100% Ib\u00e9rico Alta Gastronomia FISAN\" class=\"read-more\" href=\"https:\/\/www.fisan.com\/pt\/loja\/guanciale-bellota-100-iberico\/\" aria-label=\"Leia mais sobre O Guanciale de Bellota 100% Ib\u00e9rico Alta Gastronomia FISAN\">Ler mais<\/a><\/p>\n","protected":false},"featured_media":60578,"template":"","meta":{"_acf_changed":false,"_wp_rev_ctl_limit":""},"product_brand":[],"product_cat":[351],"product_tag":[324],"gama":[438],"calidad":[443],"class_list":{"0":"post-60560","1":"product","2":"type-product","3":"status-publish","4":"has-post-thumbnail","6":"product_cat-4-enchidos","7":"product_tag-ag","8":"gama-alta-gastronomia-pt","9":"calidad-1-bellota-iberico-pt","11":"first","12":"instock","13":"taxable","14":"shipping-taxable","15":"purchasable","16":"product-type-variable","17":"has-default-attributes"},"acf":[],"yoast_head":"<!-- This site is optimized with the Yoast SEO plugin v25.4 - https:\/\/yoast.com\/wordpress\/plugins\/seo\/ -->\n<title>Guanciale de bellota 100% ib\u00e9rico | FISAN<\/title>\n<meta name=\"description\" content=\"Visita la tienda de FISAN y disfruta al m\u00e1ximo del Guanciale de bellota ib\u00e9rico 100% Alta Gastronom\u00eda. Perfecto para tus platos.\" \/>\n<meta name=\"robots\" content=\"index, follow, max-snippet:-1, max-image-preview:large, max-video-preview:-1\" \/>\n<link rel=\"canonical\" href=\"https:\/\/www.fisan.com\/pt\/loja\/guanciale-bellota-100-iberico\/\" \/>\n<meta property=\"og:locale\" content=\"pt_PT\" \/>\n<meta property=\"og:type\" content=\"article\" \/>\n<meta property=\"og:title\" content=\"Guanciale de bellota 100% ib\u00e9rico | FISAN\" \/>\n<meta property=\"og:description\" content=\"Visita la tienda de FISAN y disfruta al m\u00e1ximo del Guanciale de bellota ib\u00e9rico 100% Alta Gastronom\u00eda. Perfecto para tus platos.\" \/>\n<meta property=\"og:url\" content=\"https:\/\/www.fisan.com\/pt\/loja\/guanciale-bellota-100-iberico\/\" \/>\n<meta property=\"og:site_name\" content=\"FISAN\" \/>\n<meta property=\"article:modified_time\" content=\"2026-01-23T13:49:09+00:00\" \/>\n<meta property=\"og:image\" content=\"https:\/\/www.fisan.com\/wp-content\/uploads\/2026\/01\/guanciale-bellota-100-iberico-ag-pe-00.jpg\" \/>\n\t<meta property=\"og:image:width\" content=\"1200\" \/>\n\t<meta property=\"og:image:height\" content=\"2400\" \/>\n\t<meta property=\"og:image:type\" content=\"image\/jpeg\" \/>\n<meta name=\"twitter:card\" content=\"summary_large_image\" \/>\n<meta name=\"twitter:label1\" content=\"Disponibilidade\" \/>\n\t<meta name=\"twitter:data1\" content=\"Em stock\" \/>\n<script type=\"application\/ld+json\" class=\"yoast-schema-graph\">{\n\t    \"@context\": \"https:\/\/schema.org\",\n\t    \"@graph\": [\n\t        {\n\t            \"@type\": \"WebPage\",\n\t            \"@id\": \"https:\/\/www.fisan.com\/pt\/loja\/guanciale-bellota-100-iberico\/\",\n\t            \"url\": \"https:\/\/www.fisan.com\/pt\/loja\/guanciale-bellota-100-iberico\/\",\n\t            \"name\": \"Guanciale de bellota 100% ib\u00e9rico | FISAN\",\n\t            \"isPartOf\": {\n\t                \"@id\": \"https:\/\/www.fisan.com\/pt\/#website\"\n\t            },\n\t            \"primaryImageOfPage\": {\n\t                \"@id\": \"https:\/\/www.fisan.com\/pt\/loja\/guanciale-bellota-100-iberico\/#primaryimage\"\n\t            },\n\t            \"image\": {\n\t                \"@id\": \"https:\/\/www.fisan.com\/pt\/loja\/guanciale-bellota-100-iberico\/#primaryimage\"\n\t            },\n\t            \"thumbnailUrl\": \"https:\/\/www.fisan.com\/wp-content\/uploads\/2026\/01\/guanciale-bellota-100-iberico-ag-pe-00.jpg\",\n\t            \"datePublished\": \"2026-01-22T10:00:56+00:00\",\n\t            \"dateModified\": \"2026-01-23T13:49:09+00:00\",\n\t            \"description\": \"Visita la tienda de FISAN y disfruta al m\u00e1ximo del Guanciale de bellota ib\u00e9rico 100% Alta Gastronom\u00eda. Perfecto para tus platos.\",\n\t            \"breadcrumb\": {\n\t                \"@id\": \"https:\/\/www.fisan.com\/pt\/loja\/guanciale-bellota-100-iberico\/#breadcrumb\"\n\t            },\n\t            \"inLanguage\": \"pt-PT\",\n\t            \"potentialAction\": [\n\t                {\n\t                    \"@type\": \"ReadAction\",\n\t                    \"target\": [\n\t                        \"https:\/\/www.fisan.com\/pt\/loja\/guanciale-bellota-100-iberico\/\"\n\t                    ]\n\t                }\n\t            ]\n\t        },\n\t        {\n\t            \"@type\": \"ImageObject\",\n\t            \"inLanguage\": \"pt-PT\",\n\t            \"@id\": \"https:\/\/www.fisan.com\/pt\/loja\/guanciale-bellota-100-iberico\/#primaryimage\",\n\t            \"url\": \"https:\/\/www.fisan.com\/wp-content\/uploads\/2026\/01\/guanciale-bellota-100-iberico-ag-pe-00.jpg\",\n\t            \"contentUrl\": \"https:\/\/www.fisan.com\/wp-content\/uploads\/2026\/01\/guanciale-bellota-100-iberico-ag-pe-00.jpg\",\n\t            \"width\": 1200,\n\t            \"height\": 2400,\n\t            \"caption\": \"Guanciale bellota 100 iberico\"\n\t        },\n\t        {\n\t            \"@type\": \"BreadcrumbList\",\n\t            \"@id\": \"https:\/\/www.fisan.com\/pt\/loja\/guanciale-bellota-100-iberico\/#breadcrumb\",\n\t            \"itemListElement\": [\n\t                {\n\t                    \"@type\": \"ListItem\",\n\t                    \"position\": 1,\n\t                    \"name\": \"FISAN\",\n\t                    \"item\": \"https:\/\/www.fisan.com\/pt\/\"\n\t                },\n\t                {\n\t                    \"@type\": \"ListItem\",\n\t                    \"position\": 2,\n\t                    \"name\": \"Produtos\",\n\t                    \"item\": \"https:\/\/www.fisan.com\/pt\/produtos\/\"\n\t                },\n\t                {\n\t                    \"@type\": \"ListItem\",\n\t                    \"position\": 3,\n\t                    \"name\": \"O Guanciale de Bellota 100% Ib\u00e9rico Alta Gastronomia FISAN\"\n\t                }\n\t            ]\n\t        },\n\t        {\n\t            \"@type\": \"WebSite\",\n\t            \"@id\": \"https:\/\/www.fisan.com\/pt\/#website\",\n\t            \"url\": \"https:\/\/www.fisan.com\/pt\/\",\n\t            \"name\": \"FISAN\",\n\t            \"description\": \"FISAN | Jamones de bellota ib\u00e9rico y embutidos ib\u00e9ricos desde 1920\",\n\t            \"potentialAction\": [\n\t                {\n\t                    \"@type\": \"SearchAction\",\n\t                    \"target\": {\n\t                        \"@type\": \"EntryPoint\",\n\t                        \"urlTemplate\": \"https:\/\/www.fisan.com\/pt\/?s={search_term_string}\"\n\t                    },\n\t                    \"query-input\": {\n\t                        \"@type\": \"PropertyValueSpecification\",\n\t                        \"valueRequired\": true,\n\t                        \"valueName\": \"search_term_string\"\n\t                    }\n\t                }\n\t            ],\n\t            \"inLanguage\": \"pt-PT\"\n\t        }\n\t    ]\n\t}<\/script>\n<meta property=\"og:availability\" content=\"instock\" \/>\n<meta property=\"product:availability\" content=\"instock\" \/>\n<meta property=\"product:retailer_item_id\" content=\"fu-bi100-1\" \/>\n<meta property=\"product:condition\" content=\"new\" \/>\n<!-- \/ Yoast SEO plugin. -->","yoast_head_json":{"title":"Guanciale de bellota 100% ib\u00e9rico | FISAN","description":"Visita la tienda de FISAN y disfruta al m\u00e1ximo del Guanciale de bellota ib\u00e9rico 100% Alta Gastronom\u00eda. Perfecto para tus platos.","robots":{"index":"index","follow":"follow","max-snippet":"max-snippet:-1","max-image-preview":"max-image-preview:large","max-video-preview":"max-video-preview:-1"},"canonical":"https:\/\/www.fisan.com\/pt\/loja\/guanciale-bellota-100-iberico\/","og_locale":"pt_PT","og_type":"article","og_title":"Guanciale de bellota 100% ib\u00e9rico | FISAN","og_description":"Visita la tienda de FISAN y disfruta al m\u00e1ximo del Guanciale de bellota ib\u00e9rico 100% Alta Gastronom\u00eda. Perfecto para tus platos.","og_url":"https:\/\/www.fisan.com\/pt\/loja\/guanciale-bellota-100-iberico\/","og_site_name":"FISAN","article_modified_time":"2026-01-23T13:49:09+00:00","og_image":[{"width":1200,"height":2400,"url":"https:\/\/www.fisan.com\/wp-content\/uploads\/2026\/01\/guanciale-bellota-100-iberico-ag-pe-00.jpg","type":"image\/jpeg"}],"twitter_card":"summary_large_image","twitter_misc":{"Disponibilidade":"Em stock"},"schema":{"@context":"https:\/\/schema.org","@graph":[{"@type":"WebPage","@id":"https:\/\/www.fisan.com\/pt\/loja\/guanciale-bellota-100-iberico\/","url":"https:\/\/www.fisan.com\/pt\/loja\/guanciale-bellota-100-iberico\/","name":"Guanciale de bellota 100% ib\u00e9rico | FISAN","isPartOf":{"@id":"https:\/\/www.fisan.com\/pt\/#website"},"primaryImageOfPage":{"@id":"https:\/\/www.fisan.com\/pt\/loja\/guanciale-bellota-100-iberico\/#primaryimage"},"image":{"@id":"https:\/\/www.fisan.com\/pt\/loja\/guanciale-bellota-100-iberico\/#primaryimage"},"thumbnailUrl":"https:\/\/www.fisan.com\/wp-content\/uploads\/2026\/01\/guanciale-bellota-100-iberico-ag-pe-00.jpg","datePublished":"2026-01-22T10:00:56+00:00","dateModified":"2026-01-23T13:49:09+00:00","description":"Visita la tienda de FISAN y disfruta al m\u00e1ximo del Guanciale de bellota ib\u00e9rico 100% Alta Gastronom\u00eda. Perfecto para tus platos.","breadcrumb":{"@id":"https:\/\/www.fisan.com\/pt\/loja\/guanciale-bellota-100-iberico\/#breadcrumb"},"inLanguage":"pt-PT","potentialAction":[{"@type":"ReadAction","target":["https:\/\/www.fisan.com\/pt\/loja\/guanciale-bellota-100-iberico\/"]}]},{"@type":"ImageObject","inLanguage":"pt-PT","@id":"https:\/\/www.fisan.com\/pt\/loja\/guanciale-bellota-100-iberico\/#primaryimage","url":"https:\/\/www.fisan.com\/wp-content\/uploads\/2026\/01\/guanciale-bellota-100-iberico-ag-pe-00.jpg","contentUrl":"https:\/\/www.fisan.com\/wp-content\/uploads\/2026\/01\/guanciale-bellota-100-iberico-ag-pe-00.jpg","width":1200,"height":2400,"caption":"Guanciale bellota 100 iberico"},{"@type":"BreadcrumbList","@id":"https:\/\/www.fisan.com\/pt\/loja\/guanciale-bellota-100-iberico\/#breadcrumb","itemListElement":[{"@type":"ListItem","position":1,"name":"FISAN","item":"https:\/\/www.fisan.com\/pt\/"},{"@type":"ListItem","position":2,"name":"Produtos","item":"https:\/\/www.fisan.com\/pt\/produtos\/"},{"@type":"ListItem","position":3,"name":"O Guanciale de Bellota 100% Ib\u00e9rico Alta Gastronomia FISAN"}]},{"@type":"WebSite","@id":"https:\/\/www.fisan.com\/pt\/#website","url":"https:\/\/www.fisan.com\/pt\/","name":"FISAN","description":"FISAN | Jamones de bellota ib\u00e9rico y embutidos ib\u00e9ricos desde 1920","potentialAction":[{"@type":"SearchAction","target":{"@type":"EntryPoint","urlTemplate":"https:\/\/www.fisan.com\/pt\/?s={search_term_string}"},"query-input":{"@type":"PropertyValueSpecification","valueRequired":true,"valueName":"search_term_string"}}],"inLanguage":"pt-PT"}]},"og_availability":"instock","product_availability":"instock","product_retailer_item_id":"fu-bi100-1","product_condition":"new"},"_links":{"self":[{"href":"https:\/\/www.fisan.com\/pt\/wp-json\/wp\/v2\/product\/60560","targetHints":{"allow":["GET"]}}],"collection":[{"href":"https:\/\/www.fisan.com\/pt\/wp-json\/wp\/v2\/product"}],"about":[{"href":"https:\/\/www.fisan.com\/pt\/wp-json\/wp\/v2\/types\/product"}],"version-history":[{"count":3,"href":"https:\/\/www.fisan.com\/pt\/wp-json\/wp\/v2\/product\/60560\/revisions"}],"predecessor-version":[{"id":60730,"href":"https:\/\/www.fisan.com\/pt\/wp-json\/wp\/v2\/product\/60560\/revisions\/60730"}],"wp:featuredmedia":[{"embeddable":true,"href":"https:\/\/www.fisan.com\/pt\/wp-json\/wp\/v2\/media\/60578"}],"wp:attachment":[{"href":"https:\/\/www.fisan.com\/pt\/wp-json\/wp\/v2\/media?parent=60560"}],"wp:term":[{"taxonomy":"product_brand","embeddable":true,"href":"https:\/\/www.fisan.com\/pt\/wp-json\/wp\/v2\/product_brand?post=60560"},{"taxonomy":"product_cat","embeddable":true,"href":"https:\/\/www.fisan.com\/pt\/wp-json\/wp\/v2\/product_cat?post=60560"},{"taxonomy":"product_tag","embeddable":true,"href":"https:\/\/www.fisan.com\/pt\/wp-json\/wp\/v2\/product_tag?post=60560"},{"taxonomy":"gama","embeddable":true,"href":"https:\/\/www.fisan.com\/pt\/wp-json\/wp\/v2\/gama?post=60560"},{"taxonomy":"calidad","embeddable":true,"href":"https:\/\/www.fisan.com\/pt\/wp-json\/wp\/v2\/calidad?post=60560"}],"curies":[{"name":"wp","href":"https:\/\/api.w.org\/{rel}","templated":true}]}}