{"id":61294,"date":"2026-03-03T09:21:38","date_gmt":"2026-03-03T08:21:38","guid":{"rendered":"https:\/\/www.fisan.com\/producto\/pack-seleccion-montanera\/"},"modified":"2026-03-06T09:32:09","modified_gmt":"2026-03-06T08:32:09","slug":"pack-selecao-montanheira","status":"publish","type":"product","link":"https:\/\/www.fisan.com\/pt\/loja\/pack-selecao-montanheira\/","title":{"rendered":"Pack Sele\u00e7\u00e3o Montanheira: lombo, presa, pluma e bochecha de bellota"},"content":{"rendered":"<p><strong><span style=\"font-weight: 400;\">O <b>Pack Sele\u00e7\u00e3o Montanheira da FISAN<\/b><\/span><\/strong> <span style=\"font-weight: 400;\">\u00e9 uma homenagem \u00e0quele breve momento do ano em que o montado alcan\u00e7a o seu m\u00e1ximo esplendor. Uma explos\u00e3o de texturas e matizes oleicos que s\u00f3 os cortes frescos de bellota conseguem oferecer.<\/span><\/p>\n<p>&nbsp;<\/p>\n<p><span style=\"font-weight: 400;\">A FISAN apresenta uma sele\u00e7\u00e3o exclusiva criada especialmente para gourmets e foodies que procuram descobrir a ess\u00eancia mais pura do montado na sua cozinha. Este lote re\u00fane os cortes mais nobres e apreciados do porco ib\u00e9rico de bellota da presente campanha de montanheira, garantindo uma frescura e qualidade excecionais.<\/span><\/p>\n<p>&nbsp;<\/p>\n<p><span style=\"font-weight: 400;\">Esta sele\u00e7\u00e3o exclusiva \u00e9 composta por quatro das pe\u00e7as mais nobres do porco ib\u00e9rico de bellota:<\/span><\/p>\n<p>&nbsp;<\/p>\n<ul>\n<li><strong><b>Lombo de bellota ib\u00e9rico<\/b>:<\/strong> <span style=\"font-weight: 400;\">Uma pe\u00e7a de extrema delicadeza e uma textura suave, especialmente indicada para aqueles gourmets que procuram o sabor puro da bellota no paladar.<\/span><\/li>\n<li><strong><b>Presa de bellota ib\u00e9rica<\/b>:<\/strong> <span style=\"font-weight: 400;\">Destaca pela sua sucul\u00eancia, gra\u00e7as \u00e0 sua invej\u00e1vel gordura entremeada intramuscular. A presa \u00e9 uma verdadeira explos\u00e3o de aromas a frutos secos e a campo, tornando-se num dos cortes mais cobi\u00e7ados da montanheira<\/span>.<\/li>\n<li><strong><b>Pluma de bellota ib\u00e9rica<\/b>:<\/strong> <span style=\"font-weight: 400;\">O equil\u00edbrio perfeito, um corte ic\u00f3nico que se destaca pela sua forma elegante e uma infiltra\u00e7\u00e3o de gordura que, no contacto com o fogo, intensifica o seu car\u00e1cter meloso e a sua fragr\u00e2ncia inconfund\u00edvel<\/span>.<\/li>\n<li><strong><b>Bochecha de bellota ib\u00e9rica<\/b>:<\/strong> <span style=\"font-weight: 400;\">Uma pe\u00e7a indispens\u00e1vel na cozinha espanhola. \u00c9 pura melosidade, um corte que, ap\u00f3s uma cozedura lenta, revela uma untuosidade \u00fanica, impregnada pelos matizes da alimenta\u00e7\u00e3o natural do porco ib\u00e9rico em liberdade.<\/span><\/li>\n<\/ul>\n<p><b>Formato de envio:<\/b><\/p>\n<ul>\n<li><strong><b>Presa de bellota ib\u00e9rica<\/b>:<\/strong> <span style=\"font-weight: 400;\">1 pe\u00e7a por saco, 0,6kg-0,8kg\/saco<\/span><\/li>\n<li><strong><b>Lombo de bellota ib\u00e9rico<\/b>:<\/strong> <span style=\"font-weight: 400;\">3 pe\u00e7as por saco, 0,8kg-1,2kg\/saco<\/span><\/li>\n<li><strong><b>Pluma de bellota ib\u00e9rica<\/b>:<\/strong> <span style=\"font-weight: 400;\">4 pe\u00e7as por saco, 0,6kg-0,8kg\/saco<\/span><\/li>\n<li><strong><b>Bochecha de bellota ib\u00e9rica<\/b>:<\/strong> <span style=\"font-weight: 400;\">4 pe\u00e7as por saco, 0,6kg-0,8kg\/saco<\/span><\/li>\n<\/ul>\n","protected":false},"excerpt":{"rendered":"<p>O Pack Sele\u00e7\u00e3o Montanheira da FISAN \u00e9 uma homenagem \u00e0quele breve momento do ano em que o montado alcan\u00e7a o seu m\u00e1ximo esplendor. Uma explos\u00e3o de texturas e matizes oleicos que s\u00f3 os cortes frescos de bellota conseguem oferecer. &nbsp; A FISAN apresenta uma sele\u00e7\u00e3o exclusiva criada especialmente para gourmets e foodies que procuram descobrir &#8230; <a title=\"Pack Sele\u00e7\u00e3o Montanheira: lombo, presa, pluma e bochecha de bellota\" class=\"read-more\" href=\"https:\/\/www.fisan.com\/pt\/loja\/pack-selecao-montanheira\/\" aria-label=\"Leia mais sobre Pack Sele\u00e7\u00e3o Montanheira: lombo, presa, pluma e bochecha de bellota\">Ler mais<\/a><\/p>\n","protected":false},"featured_media":61081,"template":"","meta":{"_acf_changed":false,"_wp_rev_ctl_limit":""},"product_brand":[],"product_cat":[371,361],"product_tag":[],"gama":[438],"calidad":[],"class_list":{"0":"post-61294","1":"product","2":"type-product","3":"status-publish","4":"has-post-thumbnail","6":"product_cat-5-carne","7":"product_cat-6-embalagens","8":"gama-alta-gastronomia-pt","10":"first","11":"instock","12":"taxable","13":"shipping-taxable","14":"purchasable","15":"product-type-simple"},"acf":[],"yoast_head":"<!-- This site is optimized with the Yoast SEO plugin v25.4 - https:\/\/yoast.com\/wordpress\/plugins\/seo\/ -->\n<title>Pack de carnes de bellota ib\u00e9ricas Sele\u00e7\u00e3o Montanheira | FISAN<\/title>\n<meta name=\"description\" content=\"Saboreie os cortes mais nobres do porco ib\u00e9rico com o Pack Sele\u00e7\u00e3o Montanheira da FISAN: presa, pluma, bochecha e lombo de bellota.\" \/>\n<meta name=\"robots\" content=\"index, follow, max-snippet:-1, max-image-preview:large, max-video-preview:-1\" \/>\n<link rel=\"canonical\" href=\"https:\/\/www.fisan.com\/pt\/loja\/pack-selecao-montanheira\/\" \/>\n<meta property=\"og:locale\" content=\"pt_PT\" \/>\n<meta property=\"og:type\" content=\"article\" \/>\n<meta property=\"og:title\" content=\"Pack de carnes de bellota ib\u00e9ricas Sele\u00e7\u00e3o Montanheira | FISAN\" \/>\n<meta property=\"og:description\" content=\"Saboreie os cortes mais nobres do porco ib\u00e9rico com o Pack Sele\u00e7\u00e3o Montanheira da FISAN: presa, pluma, bochecha e lombo de bellota.\" \/>\n<meta property=\"og:url\" content=\"https:\/\/www.fisan.com\/pt\/loja\/pack-selecao-montanheira\/\" \/>\n<meta property=\"og:site_name\" content=\"FISAN\" \/>\n<meta property=\"article:modified_time\" content=\"2026-03-06T08:32:09+00:00\" \/>\n<meta property=\"og:image\" content=\"https:\/\/www.fisan.com\/wp-content\/uploads\/2026\/03\/pack-montanera-gourmet-pe-00.jpg\" \/>\n\t<meta property=\"og:image:width\" content=\"1200\" \/>\n\t<meta property=\"og:image:height\" content=\"2400\" \/>\n\t<meta property=\"og:image:type\" content=\"image\/jpeg\" \/>\n<meta name=\"twitter:card\" content=\"summary_large_image\" \/>\n<meta name=\"twitter:label1\" content=\"pre\u00e7o\" \/>\n\t<meta name=\"twitter:data1\" content=\"108,00&euro;\" \/>\n\t<meta name=\"twitter:label2\" content=\"Disponibilidade\" \/>\n\t<meta name=\"twitter:data2\" content=\"Em stock\" \/>\n<script type=\"application\/ld+json\" class=\"yoast-schema-graph\">{\n\t    \"@context\": \"https:\/\/schema.org\",\n\t    \"@graph\": [\n\t        {\n\t            \"@type\": \"WebPage\",\n\t            \"@id\": \"https:\/\/www.fisan.com\/pt\/loja\/pack-selecao-montanheira\/\",\n\t            \"url\": \"https:\/\/www.fisan.com\/pt\/loja\/pack-selecao-montanheira\/\",\n\t            \"name\": \"Pack de carnes de bellota ib\u00e9ricas Sele\u00e7\u00e3o Montanheira | FISAN\",\n\t            \"isPartOf\": {\n\t                \"@id\": \"https:\/\/www.fisan.com\/pt\/#website\"\n\t            },\n\t            \"primaryImageOfPage\": {\n\t                \"@id\": \"https:\/\/www.fisan.com\/pt\/loja\/pack-selecao-montanheira\/#primaryimage\"\n\t            },\n\t            \"image\": {\n\t                \"@id\": \"https:\/\/www.fisan.com\/pt\/loja\/pack-selecao-montanheira\/#primaryimage\"\n\t            },\n\t            \"thumbnailUrl\": \"https:\/\/www.fisan.com\/wp-content\/uploads\/2026\/03\/pack-montanera-gourmet-pe-00.jpg\",\n\t            \"datePublished\": \"2026-03-03T08:21:38+00:00\",\n\t            \"dateModified\": \"2026-03-06T08:32:09+00:00\",\n\t            \"description\": \"Saboreie os cortes mais nobres do porco ib\u00e9rico com o Pack Sele\u00e7\u00e3o Montanheira da FISAN: presa, pluma, bochecha e lombo de bellota.\",\n\t            \"breadcrumb\": {\n\t                \"@id\": \"https:\/\/www.fisan.com\/pt\/loja\/pack-selecao-montanheira\/#breadcrumb\"\n\t            },\n\t            \"inLanguage\": \"pt-PT\",\n\t            \"potentialAction\": [\n\t                {\n\t                    \"@type\": \"ReadAction\",\n\t                    \"target\": [\n\t                        \"https:\/\/www.fisan.com\/pt\/loja\/pack-selecao-montanheira\/\"\n\t                    ]\n\t                }\n\t            ]\n\t        },\n\t        {\n\t            \"@type\": \"ImageObject\",\n\t            \"inLanguage\": \"pt-PT\",\n\t            \"@id\": \"https:\/\/www.fisan.com\/pt\/loja\/pack-selecao-montanheira\/#primaryimage\",\n\t            \"url\": \"https:\/\/www.fisan.com\/wp-content\/uploads\/2026\/03\/pack-montanera-gourmet-pe-00.jpg\",\n\t            \"contentUrl\": \"https:\/\/www.fisan.com\/wp-content\/uploads\/2026\/03\/pack-montanera-gourmet-pe-00.jpg\",\n\t            \"width\": 1200,\n\t            \"height\": 2400,\n\t            \"caption\": \"Pack Sele\u00e7\u00e3o Montanheira FISAN com 4 pe\u00e7as de carnes frescas de bellota: lombo, presa, pluma e bochecha\"\n\t        },\n\t        {\n\t            \"@type\": \"BreadcrumbList\",\n\t            \"@id\": \"https:\/\/www.fisan.com\/pt\/loja\/pack-selecao-montanheira\/#breadcrumb\",\n\t            \"itemListElement\": [\n\t                {\n\t                    \"@type\": \"ListItem\",\n\t                    \"position\": 1,\n\t                    \"name\": \"FISAN\",\n\t                    \"item\": \"https:\/\/www.fisan.com\/pt\/\"\n\t                },\n\t                {\n\t                    \"@type\": \"ListItem\",\n\t                    \"position\": 2,\n\t                    \"name\": \"Produtos\",\n\t                    \"item\": \"https:\/\/www.fisan.com\/pt\/produtos\/\"\n\t                },\n\t                {\n\t                    \"@type\": \"ListItem\",\n\t                    \"position\": 3,\n\t                    \"name\": \"Pack Sele\u00e7\u00e3o Montanheira: lombo, presa, pluma e bochecha de bellota\"\n\t                }\n\t            ]\n\t        },\n\t        {\n\t            \"@type\": \"WebSite\",\n\t            \"@id\": \"https:\/\/www.fisan.com\/pt\/#website\",\n\t            \"url\": \"https:\/\/www.fisan.com\/pt\/\",\n\t            \"name\": \"FISAN\",\n\t            \"description\": \"FISAN | Jamones de bellota ib\u00e9rico y embutidos ib\u00e9ricos desde 1920\",\n\t            \"potentialAction\": [\n\t                {\n\t                    \"@type\": \"SearchAction\",\n\t                    \"target\": {\n\t                        \"@type\": \"EntryPoint\",\n\t                        \"urlTemplate\": \"https:\/\/www.fisan.com\/pt\/?s={search_term_string}\"\n\t                    },\n\t                    \"query-input\": {\n\t                        \"@type\": \"PropertyValueSpecification\",\n\t                        \"valueRequired\": true,\n\t                        \"valueName\": \"search_term_string\"\n\t                    }\n\t                }\n\t            ],\n\t            \"inLanguage\": \"pt-PT\"\n\t        }\n\t    ]\n\t}<\/script>\n<meta property=\"product:price:amount\" content=\"108.00\" \/>\n<meta property=\"product:price:currency\" content=\"EUR\" \/>\n<meta property=\"og:availability\" content=\"instock\" \/>\n<meta property=\"product:availability\" content=\"instock\" \/>\n<meta property=\"product:retailer_item_id\" content=\"pa-sppc\" \/>\n<meta property=\"product:condition\" content=\"new\" \/>\n<!-- \/ Yoast SEO plugin. -->","yoast_head_json":{"title":"Pack de carnes de bellota ib\u00e9ricas Sele\u00e7\u00e3o Montanheira | FISAN","description":"Saboreie os cortes mais nobres do porco ib\u00e9rico com o Pack Sele\u00e7\u00e3o Montanheira da FISAN: presa, pluma, bochecha e lombo de bellota.","robots":{"index":"index","follow":"follow","max-snippet":"max-snippet:-1","max-image-preview":"max-image-preview:large","max-video-preview":"max-video-preview:-1"},"canonical":"https:\/\/www.fisan.com\/pt\/loja\/pack-selecao-montanheira\/","og_locale":"pt_PT","og_type":"article","og_title":"Pack de carnes de bellota ib\u00e9ricas Sele\u00e7\u00e3o Montanheira | FISAN","og_description":"Saboreie os cortes mais nobres do porco ib\u00e9rico com o Pack Sele\u00e7\u00e3o Montanheira da FISAN: presa, pluma, bochecha e lombo de bellota.","og_url":"https:\/\/www.fisan.com\/pt\/loja\/pack-selecao-montanheira\/","og_site_name":"FISAN","article_modified_time":"2026-03-06T08:32:09+00:00","og_image":[{"width":1200,"height":2400,"url":"https:\/\/www.fisan.com\/wp-content\/uploads\/2026\/03\/pack-montanera-gourmet-pe-00.jpg","type":"image\/jpeg"}],"twitter_card":"summary_large_image","twitter_misc":{"pre\u00e7o":"108,00&euro;","Disponibilidade":"Em stock"},"schema":{"@context":"https:\/\/schema.org","@graph":[{"@type":"WebPage","@id":"https:\/\/www.fisan.com\/pt\/loja\/pack-selecao-montanheira\/","url":"https:\/\/www.fisan.com\/pt\/loja\/pack-selecao-montanheira\/","name":"Pack de carnes de bellota ib\u00e9ricas Sele\u00e7\u00e3o Montanheira | FISAN","isPartOf":{"@id":"https:\/\/www.fisan.com\/pt\/#website"},"primaryImageOfPage":{"@id":"https:\/\/www.fisan.com\/pt\/loja\/pack-selecao-montanheira\/#primaryimage"},"image":{"@id":"https:\/\/www.fisan.com\/pt\/loja\/pack-selecao-montanheira\/#primaryimage"},"thumbnailUrl":"https:\/\/www.fisan.com\/wp-content\/uploads\/2026\/03\/pack-montanera-gourmet-pe-00.jpg","datePublished":"2026-03-03T08:21:38+00:00","dateModified":"2026-03-06T08:32:09+00:00","description":"Saboreie os cortes mais nobres do porco ib\u00e9rico com o Pack Sele\u00e7\u00e3o Montanheira da FISAN: presa, pluma, bochecha e lombo de bellota.","breadcrumb":{"@id":"https:\/\/www.fisan.com\/pt\/loja\/pack-selecao-montanheira\/#breadcrumb"},"inLanguage":"pt-PT","potentialAction":[{"@type":"ReadAction","target":["https:\/\/www.fisan.com\/pt\/loja\/pack-selecao-montanheira\/"]}]},{"@type":"ImageObject","inLanguage":"pt-PT","@id":"https:\/\/www.fisan.com\/pt\/loja\/pack-selecao-montanheira\/#primaryimage","url":"https:\/\/www.fisan.com\/wp-content\/uploads\/2026\/03\/pack-montanera-gourmet-pe-00.jpg","contentUrl":"https:\/\/www.fisan.com\/wp-content\/uploads\/2026\/03\/pack-montanera-gourmet-pe-00.jpg","width":1200,"height":2400,"caption":"Pack Sele\u00e7\u00e3o Montanheira FISAN com 4 pe\u00e7as de carnes frescas de bellota: lombo, presa, pluma e bochecha"},{"@type":"BreadcrumbList","@id":"https:\/\/www.fisan.com\/pt\/loja\/pack-selecao-montanheira\/#breadcrumb","itemListElement":[{"@type":"ListItem","position":1,"name":"FISAN","item":"https:\/\/www.fisan.com\/pt\/"},{"@type":"ListItem","position":2,"name":"Produtos","item":"https:\/\/www.fisan.com\/pt\/produtos\/"},{"@type":"ListItem","position":3,"name":"Pack Sele\u00e7\u00e3o Montanheira: lombo, presa, pluma e bochecha de bellota"}]},{"@type":"WebSite","@id":"https:\/\/www.fisan.com\/pt\/#website","url":"https:\/\/www.fisan.com\/pt\/","name":"FISAN","description":"FISAN | Jamones de bellota ib\u00e9rico y embutidos ib\u00e9ricos desde 1920","potentialAction":[{"@type":"SearchAction","target":{"@type":"EntryPoint","urlTemplate":"https:\/\/www.fisan.com\/pt\/?s={search_term_string}"},"query-input":{"@type":"PropertyValueSpecification","valueRequired":true,"valueName":"search_term_string"}}],"inLanguage":"pt-PT"}]},"product_price_amount":"108.00","product_price_currency":"EUR","og_availability":"instock","product_availability":"instock","product_retailer_item_id":"pa-sppc","product_condition":"new"},"_links":{"self":[{"href":"https:\/\/www.fisan.com\/pt\/wp-json\/wp\/v2\/product\/61294","targetHints":{"allow":["GET"]}}],"collection":[{"href":"https:\/\/www.fisan.com\/pt\/wp-json\/wp\/v2\/product"}],"about":[{"href":"https:\/\/www.fisan.com\/pt\/wp-json\/wp\/v2\/types\/product"}],"version-history":[{"count":2,"href":"https:\/\/www.fisan.com\/pt\/wp-json\/wp\/v2\/product\/61294\/revisions"}],"predecessor-version":[{"id":61296,"href":"https:\/\/www.fisan.com\/pt\/wp-json\/wp\/v2\/product\/61294\/revisions\/61296"}],"wp:featuredmedia":[{"embeddable":true,"href":"https:\/\/www.fisan.com\/pt\/wp-json\/wp\/v2\/media\/61081"}],"wp:attachment":[{"href":"https:\/\/www.fisan.com\/pt\/wp-json\/wp\/v2\/media?parent=61294"}],"wp:term":[{"taxonomy":"product_brand","embeddable":true,"href":"https:\/\/www.fisan.com\/pt\/wp-json\/wp\/v2\/product_brand?post=61294"},{"taxonomy":"product_cat","embeddable":true,"href":"https:\/\/www.fisan.com\/pt\/wp-json\/wp\/v2\/product_cat?post=61294"},{"taxonomy":"product_tag","embeddable":true,"href":"https:\/\/www.fisan.com\/pt\/wp-json\/wp\/v2\/product_tag?post=61294"},{"taxonomy":"gama","embeddable":true,"href":"https:\/\/www.fisan.com\/pt\/wp-json\/wp\/v2\/gama?post=61294"},{"taxonomy":"calidad","embeddable":true,"href":"https:\/\/www.fisan.com\/pt\/wp-json\/wp\/v2\/calidad?post=61294"}],"curies":[{"name":"wp","href":"https:\/\/api.w.org\/{rel}","templated":true}]}}